{"id":803,"date":"2018-06-28T01:24:44","date_gmt":"2018-06-28T04:24:44","guid":{"rendered":"https:\/\/isfdyt218-bue.infd.edu.ar\/sitio\/profesorado-en-educacion-especial\/"},"modified":"2024-11-25T01:10:18","modified_gmt":"2024-11-25T04:10:18","slug":"profesorado-en-educacion-especial","status":"publish","type":"page","link":"https:\/\/isfdyt218-bue.infd.edu.ar\/sitio\/profesorado-en-educacion-especial\/","title":{"rendered":"Profesorado de Educaci\u00f3n Secundaria en Lengua y Literatura"},"content":{"rendered":"<p style=\"text-align: center;\"><strong>Profesorado de Educaci\u00f3n Secundaria en Lengua y Literatura<\/strong><\/p>\n<p style=\"text-align: center;\"><strong><span style=\"text-decoration: underline;\">Duraci\u00f3n:<\/span> 4 a\u00f1os<\/strong><\/p>\n<p style=\"text-align: center;\"><strong>Carrera de Ciclo Cerrado<\/strong><\/p>\n<p style=\"text-align: center;\"><strong>Modalidad: Presencial<\/strong><\/p>\n<p style=\"text-align: center;\"><strong><span style=\"text-decoration: underline;\">Inicio:<\/span> 2023 \/ Finaliza: 2026<\/strong><\/p>\n<p style=\"text-align: center;\"><strong><span style=\"text-decoration: underline;\">Requisitos de Inscripci\u00f3n:<\/span> Tener T\u00edtulo del Nivel Medio y Polimodal.<\/strong><\/p>\n","protected":false},"excerpt":{"rendered":"<p>Profesorado de Educaci\u00f3n Secundaria en Lengua y Literatura Duraci\u00f3n: 4 a\u00f1os Carrera de Ciclo Cerrado Modalidad: Presencial Inicio: 2023 \/ Finaliza: 2026 Requisitos de Inscripci\u00f3n: Tener T\u00edtulo del Nivel Medio y Polimodal.<\/p>\n","protected":false},"author":12,"featured_media":0,"parent":0,"menu_order":0,"comment_status":"closed","ping_status":"closed","template":"","meta":[],"acf":[],"_links":{"self":[{"href":"https:\/\/isfdyt218-bue.infd.edu.ar\/sitio\/wp-json\/wp\/v2\/pages\/803"}],"collection":[{"href":"https:\/\/isfdyt218-bue.infd.edu.ar\/sitio\/wp-json\/wp\/v2\/pages"}],"about":[{"href":"https:\/\/isfdyt218-bue.infd.edu.ar\/sitio\/wp-json\/wp\/v2\/types\/page"}],"author":[{"embeddable":true,"href":"https:\/\/isfdyt218-bue.infd.edu.ar\/sitio\/wp-json\/wp\/v2\/users\/12"}],"replies":[{"embeddable":true,"href":"https:\/\/isfdyt218-bue.infd.edu.ar\/sitio\/wp-json\/wp\/v2\/comments?post=803"}],"version-history":[{"count":7,"href":"https:\/\/isfdyt218-bue.infd.edu.ar\/sitio\/wp-json\/wp\/v2\/pages\/803\/revisions"}],"predecessor-version":[{"id":1384,"href":"https:\/\/isfdyt218-bue.infd.edu.ar\/sitio\/wp-json\/wp\/v2\/pages\/803\/revisions\/1384"}],"wp:attachment":[{"href":"https:\/\/isfdyt218-bue.infd.edu.ar\/sitio\/wp-json\/wp\/v2\/media?parent=803"}],"curies":[{"name":"wp","href":"https:\/\/api.w.org\/{rel}","templated":true}]}}