{"id":793,"date":"2018-06-28T01:24:41","date_gmt":"2018-06-28T04:24:41","guid":{"rendered":"https:\/\/isfdyt218-bue.infd.edu.ar\/sitio\/normativas\/"},"modified":"2026-03-11T11:30:20","modified_gmt":"2026-03-11T14:30:20","slug":"normativas","status":"publish","type":"page","link":"https:\/\/isfdyt218-bue.infd.edu.ar\/sitio\/normativas\/","title":{"rendered":"Normativas"},"content":{"rendered":"<ul>\n<li><a title=\"Pensar la ense\u00f1anza\" href=\"upload\/01-01_Pensar_la_ensenanza_1.pdf\" target=\"_blank\" rel=\"noopener\"><img decoding=\"async\" title=\"\" src=\"https:\/\/isfdyt218-bue.infd.edu.ar\/sitio\/wp-content\/uploads\/2018\/06\/libros_texto.jpg\" alt=\"\" border=\"0\" \/><\/a><\/li>\n<li><a title=\"Pensar la ense\u00f1anza\" href=\"upload\/01-01_Pensar_la_ensenanza_1.pdf\" target=\"_blank\" rel=\"noopener\">PENSAR LA ENSE\u00d1ANZA<\/a>. ESCRIBIR EL PROYECTO. DOCUMENTO REALIZADO POR EL ISFDyT N\u00b033 DE TRES ARROYOS. DIRECTORA:<strong>\u00a0<\/strong>PROFESORA GRACIELA CALLEGARI. <strong>SE RECOMIENDA<\/strong> <strong>COMENZAR CON LA LECTURA DE ESTE DOCUMENTO.<\/strong><\/li>\n<li>\u00a0RESOLUCI\u00d3N Y CURR\u00cdCULO DE <a href=\"https:\/\/isfdyt218-bue.infd.edu.ar\/sitio\/wp-content\/uploads\/sitio\/05-00_Curriculo_Tec_Sup_Enfermeria-curricula-FINAL.pdf\">TECNICATURA SUPERIOR EN ENFERMER\u00cdA<\/a><\/li>\n<li>RESOLUCI\u00d3N Y CURR\u00cdCULO DE <a href=\"https:\/\/isfdyt218-bue.infd.edu.ar\/sitio\/wp-content\/uploads\/2023\/05\/Diseno-Curricular-Profesorado-de-Educacion-Secundaria-en-Lengua-y-Literatura-2017.pdf\">PROFESORADO DE EDUCACI\u00d3N SECUNDARIA EN LENGUA Y LITERATURA<\/a><\/li>\n<li>RESOLUCI\u00d3N Y CURR\u00cdCULO DE <a href=\"https:\/\/isfdyt218-bue.infd.edu.ar\/sitio\/wp-content\/uploads\/2019\/12\/07-00_Curriculo_Profesorado_Primaria.pdf\">PROFESORADO DE EDUCACI\u00d3N PRIMARIA<\/a><\/li>\n<li>RESOLUCI\u00d3N Y CURR\u00cdCULO DE <a title=\"Resoluci\u00f3n y curr\u00edculum de Prof. de Educ. Primaria\" href=\"upload\/03-00_Curriculo_Profesorado_Inicial_Primaria.pdf\" target=\"_blank\" rel=\"noopener\">PROFESORADO DE EDUCACI\u00d3N INICIAL Y PRIMARIA<\/a><\/li>\n<li>RESOLUCI\u00d3N Y CURR\u00cdCULO DE TECNICATURA <a href=\"https:\/\/isfdyt218-bue.infd.edu.ar\/sitio\/wp-content\/uploads\/2024\/02\/TECNICATURA-SUPERIOR-EN-ADMINISTRACION-DE-PYMES.-Resol-458-23.-y-Curric.pdf\">SUPERIOR EN ADMINISTRACI\u00d3N DE PYMES<\/a> RM 458-23<\/li>\n<\/ul>\n<ul>\n<li><a style=\"font-size: revert;\" href=\"https:\/\/isfdyt218-bue.infd.edu.ar\/sitio\/wp-content\/uploads\/2026\/03\/RESOC-2025-6179-GDEBA-DGCYE.pdf\"><span class=\"fontstyle0\">RESOLUCI\u00d3N N\u00b0 <strong>6179\/25<\/strong><\/span><\/a><span class=\"fontstyle2\" style=\"font-size: revert;\">,<strong> a partir del 01\/01\/2026<\/strong> que contiene las <\/span><span class=\"fontstyle0\" style=\"font-size: revert;\">\u201cPautas para la implementaci\u00f3n de las pruebas de selecci\u00f3n por evaluaci\u00f3n de t\u00edtulos, antecedentes y oposici\u00f3n para la cobertura de cargos del Nivel Superior\u201d, entre otros.<\/span>\n<ul>\n<li><a href=\"https:\/\/isfdyt218-bue.infd.edu.ar\/sitio\/wp-content\/uploads\/2026\/02\/Res.-6179-25-Anexo-3.-Inst.-para-la-cobertura-de-mod.-horas-cat.-de-UC.pdf\">Anexo 3. Instancias para la cobertura de m\u00f3dulos\/horas c\u00e1tedra de Unidades Curriculares.<\/a> (contiene las orientaciones para la elaboraci\u00f3n de la Propuesta Pedag\u00f3gica)<\/li>\n<li>Anexo 8. <a href=\"https:\/\/isfdyt218-bue.infd.edu.ar\/sitio\/wp-content\/uploads\/2026\/03\/Res.-6179-25-Anexo-8.-Inst.-para-la-cobertura-de-preceptores-para-los-IS.pdf\">Instancias para la cobertura del cargo de preceptoras y preceptores para los Institutos Superiores<\/a>. (contiene las orientaciones para la elaboraci\u00f3n de la Propuesta Pedag\u00f3gica)<\/li>\n<\/ul>\n<\/li>\n<\/ul>\n<ul>\n<li>RESOLUCI\u00d3N MINISTERIAL\u00a0<a title=\"Resoluci\u00f3n 4043-09\" href=\"upload\/06-04_Resolucion_4043-09.pdf\" target=\"_blank\" rel=\"noopener\">N\u00b0 <\/a><a href=\"https:\/\/drive.google.com\/drive\/folders\/1QlN1_vHHQpmFoI3GgKZS5NIx0mOxCNii?usp=sharing\">4196\/24<\/a> -REGIMEN ACAD\u00c9MICO MARCO<\/li>\n<li>RESOLUCI\u00d3N MINISTERIAL\u00a0N\u00b0<a href=\"https:\/\/drive.google.com\/drive\/folders\/1Jx2gkSW1bc8vpKk0-_zIdrg7O7BV6VKr?usp=sharing\">3871\/24<\/a> \u00a0(SALIDAS EDUCATIVAS)<\/li>\n<li><a href=\"https:\/\/drive.google.com\/drive\/folders\/1Uy7KSnuomdJI4rqOG2CEs6jQr0r-2aV_?usp=sharing\">RESOLUCI\u00d3N MINISTERIAL N\u00b0 2343\/17, (PR\u00c1CTICAS PROFESIONALIZANTES) CARRERAS T\u00c9CNICAS Y DOCUMENTACI\u00d3N NECESARIA\u00a0<\/a><\/li>\n<\/ul>\n<ul>\n<li>MATERIALES COMPLEMENTARIOS PARA EL ARMADO DE LA PROPUESTA CURRICULAR\n<ul>\n<li><strong>CONTENIDOS TRANSVERSALES PARA TODOS LOS ESPACIOS CURRICULARES QUE DEBEN ESTAR PLASMADOS EN LOS PROYECTOS:<\/strong> ESI, medio ambiente, ciudadan\u00eda digital y\u00a0 el Ciclo Lectivo 2024 se desarrollar\u00e1 bajo el lema \u201c2024 \u2013 140 a\u00f1os de la sanci\u00f3n de la Ley 1420: inicio de la educaci\u00f3n com\u00fan, p\u00fablica, obligatoria y gratuita\u201d y los 75 a\u00f1os de universidad popular, p\u00fablica y gratuita.<\/li>\n<li><a href=\"https:\/\/padlet.com\/direccionesi\/materiales-esi-p87h8hkqif0gqilc\">MATERIALES ESI (DIRECCI\u00d3N ESI PBA)<\/a><\/li>\n<li><a href=\"https:\/\/padlet.com\/nferreri\/esi-regi-n-24-normativas-y-materiales-para-mejorar-la-transv-psnhbw0qvd98wfz6\">ESI REGI\u00d3N 24. <strong>NORMATIVAS Y MATERIALES<\/strong> PARA MEJORAR LA TRANSVERSALIZACI\u00d3N DE LA ESI<\/a>\n<ul>\n<li><a href=\"https:\/\/isfdyt218-bue.infd.edu.ar\/sitio\/wp-content\/uploads\/2024\/02\/9-2008_Ley-_Nac_26150_Educacion-Sexual.pdf\">LEY NAC. 26150<\/a> de Educaci\u00f3n Sexual<\/li>\n<li><a href=\"https:\/\/isfdyt218-bue.infd.edu.ar\/sitio\/wp-content\/uploads\/2024\/02\/10-2015_Ley_Prov_-14744_Educacion-sexual-integral_GENERAL.pdf\">LEY PROV. 14744<\/a> de Educaci\u00f3n Sexual Integral<\/li>\n<\/ul>\n<\/li>\n<li><a href=\"https:\/\/continuemosestudiando.abc.gob.ar\/contenido\/?_tipos_de_contenido=propuestas&amp;_niveles=superior&amp;_temas_transversales=esi\">MATERIAL DEL PORTAL CONTINUEMOS ESTUDIANDO<\/a><\/li>\n<li>MEDIO AMBIENTE\n<ul>\n<li><a href=\"https:\/\/isfdyt218-bue.infd.edu.ar\/sitio\/wp-content\/uploads\/2024\/02\/Ley_Nac_25675_Ley-general-de-ambiente.pdf\">LEY NAC. 25675<\/a>. Ley general de ambiente<\/li>\n<li><a href=\"https:\/\/isfdyt218-bue.infd.edu.ar\/sitio\/wp-content\/uploads\/2024\/02\/Ley_Prov_11723_Medio_Ambiente.pdf\">LEY PROV. 11723<\/a> de medio ambiente<\/li>\n<\/ul>\n<\/li>\n<li><a href=\"https:\/\/isfdyt218-bue.infd.edu.ar\/sitio\/wp-content\/uploads\/2024\/02\/RAI-editando.pdf\">RAI<\/a>. En construcci\u00f3n, el que se encuentra se adaptaba al antiguo RAM<\/li>\n<li><a href=\"https:\/\/isfdyt218-bue.infd.edu.ar\/sitio\/wp-content\/uploads\/2024\/11\/PEI.-Sintesis-Plan-Institucional-de-Evaluacion-Ver-1.4.pdf\">PEI<\/a>. En construcci\u00f3n<\/li>\n<\/ul>\n<\/li>\n<\/ul>\n","protected":false},"excerpt":{"rendered":"<p>PENSAR LA ENSE\u00d1ANZA. ESCRIBIR EL PROYECTO. DOCUMENTO REALIZADO POR EL ISFDyT N\u00b033 DE TRES ARROYOS. DIRECTORA:\u00a0PROFESORA GRACIELA CALLEGARI. SE RECOMIENDA COMENZAR CON LA LECTURA DE ESTE DOCUMENTO. \u00a0RESOLUCI\u00d3N Y CURR\u00cdCULO DE TECNICATURA SUPERIOR EN ENFERMER\u00cdA RESOLUCI\u00d3N Y CURR\u00cdCULO DE PROFESORADO DE EDUCACI\u00d3N SECUNDARIA EN LENGUA Y LITERATURA RESOLUCI\u00d3N Y CURR\u00cdCULO DE PROFESORADO DE EDUCACI\u00d3N PRIMARIA &#8230; <a title=\"Normativas\" class=\"read-more\" href=\"https:\/\/isfdyt218-bue.infd.edu.ar\/sitio\/normativas\/\" aria-label=\"More on Normativas\">[+]<\/a><\/p>\n","protected":false},"author":12,"featured_media":0,"parent":0,"menu_order":0,"comment_status":"closed","ping_status":"closed","template":"","meta":[],"acf":[],"_links":{"self":[{"href":"https:\/\/isfdyt218-bue.infd.edu.ar\/sitio\/wp-json\/wp\/v2\/pages\/793"}],"collection":[{"href":"https:\/\/isfdyt218-bue.infd.edu.ar\/sitio\/wp-json\/wp\/v2\/pages"}],"about":[{"href":"https:\/\/isfdyt218-bue.infd.edu.ar\/sitio\/wp-json\/wp\/v2\/types\/page"}],"author":[{"embeddable":true,"href":"https:\/\/isfdyt218-bue.infd.edu.ar\/sitio\/wp-json\/wp\/v2\/users\/12"}],"replies":[{"embeddable":true,"href":"https:\/\/isfdyt218-bue.infd.edu.ar\/sitio\/wp-json\/wp\/v2\/comments?post=793"}],"version-history":[{"count":48,"href":"https:\/\/isfdyt218-bue.infd.edu.ar\/sitio\/wp-json\/wp\/v2\/pages\/793\/revisions"}],"predecessor-version":[{"id":1666,"href":"https:\/\/isfdyt218-bue.infd.edu.ar\/sitio\/wp-json\/wp\/v2\/pages\/793\/revisions\/1666"}],"wp:attachment":[{"href":"https:\/\/isfdyt218-bue.infd.edu.ar\/sitio\/wp-json\/wp\/v2\/media?parent=793"}],"curies":[{"name":"wp","href":"https:\/\/api.w.org\/{rel}","templated":true}]}}