{"id":776,"date":"2018-06-28T01:24:35","date_gmt":"2018-06-28T04:24:35","guid":{"rendered":"https:\/\/isfdyt218-bue.infd.edu.ar\/sitio\/docentes-2\/"},"modified":"2019-07-18T21:13:17","modified_gmt":"2019-07-19T00:13:17","slug":"docentes-2","status":"publish","type":"page","link":"https:\/\/isfdyt218-bue.infd.edu.ar\/sitio\/docentes-2\/","title":{"rendered":"Docentes"},"content":{"rendered":"<p>&nbsp;<\/p>\n<p><span style=\"color: #cc6600; font-family: Arial; font-size: medium;\"><strong>Ciclo escolar 2019<\/strong><\/span><\/p>\n<table style=\"border: #5090b0 1px solid;\" border=\"1\" width=\"90%\" cellspacing=\"0\" cellpadding=\"0\" align=\"center\">\n<tbody>\n<tr align=\"center\" valign=\"middle\">\n<td style=\"width: 45%; height: 20px; background-color: #ddeaf0; border: #5090b0 1px solid;\" align=\"center\" valign=\"middle\"><span style=\"font-size: small;\"><span style=\"font-family: verdana,geneva;\"><span style=\"color: #3e748e;\"><strong>Espacio Curricular (o Materia)<\/strong><\/span><\/span><\/span><\/td>\n<td style=\"width: 45%; height: 20px; background-color: #ddeaf0; border: #5090b0 1px solid;\" align=\"center\" valign=\"middle\"><span style=\"font-size: small;\"><span style=\"color: #3e748e; font-family: verdana,geneva;\"><strong>Docente\u00a0<\/strong><\/span><\/span><\/td>\n<\/tr>\n<tr align=\"center\" valign=\"middle\">\n<td style=\"width: 45%; height: 20px; border: 1px solid #5090b0; text-align: left;\" align=\"center\" valign=\"middle\"><strong><em>Primer a\u00f1o. Tecnicatura Superior en Administraci\u00f3n P\u00fablica<\/em><\/strong><\/td>\n<td style=\"width: 45%; height: 20px; border: #5090b0 1px solid;\" align=\"center\" valign=\"middle\"><\/td>\n<\/tr>\n<tr>\n<td style=\"width: 45%; height: 20px; border: 1px solid #5090b0; text-align: left;\" align=\"center\" valign=\"middle\"><span style=\"font-family: verdana,geneva; font-size: small;\">Econom\u00eda<\/span><\/td>\n<td style=\"width: 45%; height: 20px; border: 1px solid #5090b0; text-align: left;\" align=\"center\" valign=\"middle\"><span style=\"font-family: verdana,geneva; font-size: small;\">RINALDI, Silvina\u00a0<\/span><\/td>\n<\/tr>\n<tr>\n<td style=\"width: 45%; height: 20px; border: 1px solid #5090b0; text-align: left;\" align=\"center\" valign=\"middle\"><span style=\"font-family: verdana,geneva; font-size: small;\">Producci\u00f3n oral y escrita\u00a0<\/span><\/td>\n<td style=\"width: 45%; height: 20px; border: 1px solid #5090b0; text-align: left;\" align=\"center\" valign=\"middle\"><span style=\"font-family: verdana,geneva; font-size: small;\">DI PAOLA, Javier<\/span><\/td>\n<\/tr>\n<tr>\n<td style=\"width: 45%; height: 20px; border: 1px solid #5090b0; text-align: left;\" align=\"center\" valign=\"middle\"><span style=\"font-family: verdana,geneva; font-size: small;\">Inform\u00e1tica<\/span><\/td>\n<td style=\"width: 45%; height: 20px; border: 1px solid #5090b0; text-align: left;\" align=\"center\" valign=\"middle\"><span style=\"font-family: verdana,geneva; font-size: small;\">CAMPOS, Mariano<\/span><\/td>\n<\/tr>\n<tr>\n<td style=\"width: 45%; height: 20px; border: 1px solid #5090b0; text-align: left;\" align=\"center\" valign=\"middle\"><span style=\"font-family: verdana,geneva; font-size: small;\">Contabilidad P\u00fablica\u00a0<\/span><\/td>\n<td style=\"width: 45%; height: 20px; border: 1px solid #5090b0; text-align: left;\" align=\"center\" valign=\"middle\"><span style=\"font-family: verdana,geneva; font-size: small;\">ZAMPELUNGUE, Marina<\/span><\/td>\n<\/tr>\n<tr>\n<td style=\"width: 45%; height: 20px; border: #5090b0 1px solid;\" align=\"center\" valign=\"middle\"><span style=\"font-family: verdana,geneva; font-size: small;\">Principios de Administraci\u00f3n\u00a0<\/span><\/td>\n<td style=\"width: 45%; height: 20px; border: 1px solid #5090b0; text-align: left;\" align=\"center\" valign=\"middle\"><span style=\"font-family: verdana,geneva; font-size: small;\">GARC\u00cdA, Natalia\u00a0<\/span><\/td>\n<\/tr>\n<tr>\n<td style=\"width: 45%; height: 20px; border: 1px solid #5090b0; text-align: left;\" align=\"center\" valign=\"middle\"><span style=\"font-family: verdana,geneva; font-size: small;\">E.D.I. Introducci\u00f3n a la Administraci\u00f3n P\u00fablica\u00a0<\/span><\/td>\n<td style=\"width: 45%; height: 20px; border: 1px solid #5090b0; text-align: left;\" align=\"center\" valign=\"middle\"><span style=\"font-family: verdana,geneva; font-size: small;\">GARC\u00cdA, Natalia\u00a0<\/span><\/td>\n<\/tr>\n<tr>\n<td style=\"width: 45%; height: 20px; border: 1px solid #5090b0; text-align: left;\" align=\"center\" valign=\"middle\"><em><strong><span style=\"font-family: verdana,geneva; font-size: small;\">Segundo a\u00f1o. Tecnicatura Superior en Enfermer\u00eda\u00a0<\/span><\/strong><\/em><\/td>\n<td style=\"width: 45%; height: 20px; border: #5090b0 1px solid;\" align=\"center\" valign=\"middle\"><span style=\"font-family: verdana,geneva; font-size: small;\">\u00a0<\/span><\/td>\n<\/tr>\n<tr>\n<td style=\"width: 45%; height: 20px; border: 1px solid #5090b0; text-align: left;\" align=\"center\" valign=\"middle\"><span style=\"font-family: verdana,geneva; font-size: small;\">Comunicaci\u00f3n en Ciencias de la Salud\u00a0<\/span><\/td>\n<td style=\"width: 45%; height: 20px; border: 1px solid #5090b0; text-align: left;\" align=\"center\" valign=\"middle\"><span style=\"font-family: verdana,geneva; font-size: small;\">ROCHA, Carmen\u00a0<\/span><\/td>\n<\/tr>\n<tr>\n<td style=\"width: 45%; height: 20px; border: 1px solid #5090b0; text-align: left;\" align=\"center\" valign=\"middle\"><span style=\"font-family: verdana,geneva; font-size: small;\">Ingl\u00e9s\u00a0<\/span><\/td>\n<td style=\"width: 45%; height: 20px; border: 1px solid #5090b0; text-align: left;\" align=\"center\" valign=\"middle\"><span style=\"font-family: verdana,geneva; font-size: small;\">MAGNONE, Nadia\u00a0<\/span><\/td>\n<\/tr>\n<tr>\n<td style=\"width: 45%; height: 20px; border: 1px solid #5090b0; text-align: left;\" align=\"center\" valign=\"middle\"><span style=\"font-family: verdana,geneva; font-size: small;\">Introducci\u00f3n a la Metodolog\u00eda de Investigaci\u00f3n en Salud\u00a0<\/span><\/td>\n<td style=\"width: 45%; height: 20px; border: 1px solid #5090b0; text-align: left;\" align=\"center\" valign=\"middle\"><span style=\"font-family: verdana,geneva; font-size: small;\">LANDABURU, Romina\u00a0<\/span><\/td>\n<\/tr>\n<tr>\n<td style=\"width: 45%; height: 20px; border: 1px solid #5090b0; text-align: left;\" align=\"center\" valign=\"middle\"><span style=\"font-family: verdana,geneva; font-size: small;\">Nutrici\u00f3n y Dietoterapia\u00a0<\/span><\/td>\n<td style=\"width: 45%; height: 20px; border: 1px solid #5090b0; text-align: left;\" align=\"center\" valign=\"middle\"><span style=\"font-family: verdana,geneva; font-size: small;\">MESSINA, Silvia\u00a0<\/span><\/td>\n<\/tr>\n<tr>\n<td style=\"width: 45%; height: 20px; border: 1px solid #5090b0; text-align: left;\" align=\"center\" valign=\"middle\"><span style=\"font-family: verdana,geneva; font-size: small;\">Salud P\u00fablica II<\/span><\/td>\n<td style=\"width: 45%; height: 20px; border: 1px solid #5090b0; text-align: left;\" align=\"center\" valign=\"middle\"><span style=\"font-family: verdana,geneva; font-size: small;\">LAPENTA, Mar\u00eda Laura\u00a0<\/span><\/td>\n<\/tr>\n<tr>\n<td style=\"width: 45%; height: 20px; border: 1px solid #5090b0; text-align: left;\" align=\"center\" valign=\"middle\"><span style=\"font-family: verdana,geneva; font-size: small;\">Farmacolog\u00eda en Enfermer\u00eda\u00a0<\/span><\/td>\n<td style=\"width: 45%; height: 20px; border: 1px solid #5090b0; text-align: left;\" align=\"center\" valign=\"middle\"><span style=\"font-family: verdana,geneva; font-size: small;\">THEA, Lorena\u00a0<\/span><\/td>\n<\/tr>\n<tr>\n<td style=\"width: 45%; height: 20px; border: 1px solid #5090b0; text-align: left;\" align=\"center\" valign=\"middle\"><span style=\"font-family: verdana,geneva; font-size: small;\">Enfermer\u00eda Materno Infantil<\/span><\/td>\n<td style=\"width: 45%; height: 20px; border: 1px solid #5090b0; text-align: left;\" align=\"center\" valign=\"middle\"><span style=\"font-family: verdana,geneva; font-size: small;\">JACHINI, Fabi\u00e1n M.\u00a0<\/span><\/td>\n<\/tr>\n<tr>\n<td style=\"width: 45%; height: 20px; border: 1px solid #5090b0; text-align: left;\" align=\"center\" valign=\"middle\"><span style=\"font-family: verdana,geneva; font-size: small;\">Enfermer\u00eda del Adulto y del Adulto Mayor I<\/span><\/td>\n<td style=\"width: 45%; height: 20px; border: 1px solid #5090b0; text-align: left;\" align=\"center\" valign=\"middle\"><span style=\"font-family: verdana,geneva; font-size: small;\">JACHINI, Fabi\u00e1n M.\u00a0<\/span><\/td>\n<\/tr>\n<tr>\n<td style=\"width: 45%; height: 20px; border: 1px solid #5090b0; text-align: left;\" align=\"center\" valign=\"middle\"><span style=\"font-family: verdana,geneva; font-size: small;\">Pr\u00e1ctica Profesionalizante II\u00a0<\/span><\/td>\n<td style=\"width: 45%; height: 20px; border: 1px solid #5090b0; text-align: left;\" align=\"center\" valign=\"middle\"><span style=\"font-family: verdana,geneva; font-size: small;\">MANSILLA, Silvina M.\u00a0<\/span><\/td>\n<\/tr>\n<tr>\n<td style=\"width: 45%; height: 20px; border: 1px solid #5090b0; text-align: left;\" align=\"center\" valign=\"middle\"><strong><em><span style=\"font-family: verdana,geneva; font-size: small;\">Segundo a\u00f1o. Profesorado de Educaci\u00f3n Especial\u00a0<\/span><\/em><\/strong><\/td>\n<td style=\"width: 45%; height: 20px; border: #5090b0 1px solid;\" align=\"center\" valign=\"middle\"><span style=\"font-family: verdana,geneva; font-size: small;\">\u00a0<\/span><\/td>\n<\/tr>\n<tr>\n<td style=\"width: 45%; height: 20px; border: #5090b0 1px solid;\" align=\"center\" valign=\"middle\"><span style=\"font-family: verdana,geneva; font-size: small;\">\u00a0<\/span><\/td>\n<td style=\"width: 45%; height: 20px; border: #5090b0 1px solid;\" align=\"center\" valign=\"middle\"><\/td>\n<\/tr>\n<tr>\n<td style=\"width: 45%; height: 20px; border: #5090b0 1px solid;\" align=\"center\" valign=\"middle\"><\/td>\n<td style=\"width: 45%; height: 20px; border: #5090b0 1px solid;\" align=\"center\" valign=\"middle\"><\/td>\n<\/tr>\n<tr>\n<td style=\"width: 45%; height: 20px; border: #5090b0 1px solid;\" align=\"center\" valign=\"middle\"><\/td>\n<td style=\"width: 45%; height: 20px; border: #5090b0 1px solid;\" align=\"center\" valign=\"middle\"><\/td>\n<\/tr>\n<tr>\n<td style=\"width: 45%; height: 20px; border: #5090b0 1px solid;\" align=\"center\" valign=\"middle\"><\/td>\n<td style=\"width: 45%; height: 20px; border: #5090b0 1px solid;\" align=\"center\" valign=\"middle\"><\/td>\n<\/tr>\n<tr>\n<td style=\"width: 45%; height: 20px; border: #5090b0 1px solid;\" align=\"center\" valign=\"middle\"><\/td>\n<td style=\"width: 45%; height: 20px; border: #5090b0 1px solid;\" align=\"center\" valign=\"middle\"><\/td>\n<\/tr>\n<tr>\n<td style=\"width: 45%; height: 20px; border: #5090b0 1px solid;\" align=\"center\" valign=\"middle\"><\/td>\n<td style=\"width: 45%; height: 20px; border: #5090b0 1px solid;\" align=\"center\" valign=\"middle\"><\/td>\n<\/tr>\n<tr>\n<td style=\"width: 45%; height: 20px; border: #5090b0 1px solid;\" align=\"center\" valign=\"middle\"><\/td>\n<td style=\"width: 45%; height: 20px; border: #5090b0 1px solid;\" align=\"center\" valign=\"middle\"><\/td>\n<\/tr>\n<tr>\n<td style=\"width: 45%; height: 20px; border: #5090b0 1px solid;\" align=\"center\" valign=\"middle\"><\/td>\n<td style=\"width: 45%; height: 20px; border: #5090b0 1px solid;\" align=\"center\" valign=\"middle\"><\/td>\n<\/tr>\n<tr>\n<td style=\"width: 45%; height: 20px; border: #5090b0 1px solid;\" align=\"center\" valign=\"middle\"><\/td>\n<td style=\"width: 45%; height: 20px; border: #5090b0 1px solid;\" align=\"center\" valign=\"middle\"><\/td>\n<\/tr>\n<tr>\n<td style=\"width: 45%; height: 20px; border: #5090b0 1px solid;\" align=\"center\" valign=\"middle\"><\/td>\n<td style=\"width: 45%; height: 20px; border: #5090b0 1px solid;\" align=\"center\" valign=\"middle\"><\/td>\n<\/tr>\n<tr>\n<td style=\"width: 45%; height: 20px; border: #5090b0 1px solid;\" align=\"center\" valign=\"middle\"><\/td>\n<td style=\"width: 45%; height: 20px; border: #5090b0 1px solid;\" align=\"center\" valign=\"middle\"><\/td>\n<\/tr>\n<tr>\n<td style=\"width: 45%; height: 20px; border: #5090b0 1px solid;\" align=\"center\" valign=\"middle\"><\/td>\n<td style=\"width: 45%; height: 20px; border: #5090b0 1px solid;\" align=\"center\" valign=\"middle\"><\/td>\n<\/tr>\n<tr>\n<td style=\"width: 45%; height: 20px; border: #5090b0 1px solid;\" align=\"center\" valign=\"middle\"><\/td>\n<td style=\"width: 45%; height: 20px; border: #5090b0 1px solid;\" align=\"center\" valign=\"middle\"><\/td>\n<\/tr>\n<tr>\n<td style=\"width: 45%; height: 20px; border: #5090b0 1px solid;\" align=\"center\" valign=\"middle\"><\/td>\n<td style=\"width: 45%; height: 20px; border: #5090b0 1px solid;\" align=\"center\" valign=\"middle\"><\/td>\n<\/tr>\n<tr>\n<td style=\"width: 45%; height: 20px; border: #5090b0 1px solid;\" align=\"center\" valign=\"middle\"><\/td>\n<td style=\"width: 45%; height: 20px; border: #5090b0 1px solid;\" align=\"center\" valign=\"middle\"><\/td>\n<\/tr>\n<tr>\n<td style=\"width: 45%; height: 20px; border: #5090b0 1px solid;\" align=\"center\" valign=\"middle\"><\/td>\n<td style=\"width: 45%; height: 20px; border: #5090b0 1px solid;\" align=\"center\" valign=\"middle\"><\/td>\n<\/tr>\n<tr>\n<td style=\"width: 45%; height: 20px; border: #5090b0 1px solid;\" align=\"center\" valign=\"middle\"><\/td>\n<td style=\"width: 45%; height: 20px; border: #5090b0 1px solid;\" align=\"center\" valign=\"middle\"><\/td>\n<\/tr>\n<tr>\n<td style=\"width: 45%; height: 20px; border: #5090b0 1px solid;\" align=\"center\" valign=\"middle\"><\/td>\n<td style=\"width: 45%; height: 20px; border: #5090b0 1px solid;\" align=\"center\" valign=\"middle\"><\/td>\n<\/tr>\n<tr>\n<td style=\"width: 45%; height: 20px; border: #5090b0 1px solid;\" align=\"center\" valign=\"middle\"><\/td>\n<td style=\"width: 45%; height: 20px; border: #5090b0 1px solid;\" align=\"center\" valign=\"middle\"><\/td>\n<\/tr>\n<tr>\n<td style=\"width: 45%; height: 20px; border: #5090b0 1px solid;\" align=\"center\" valign=\"middle\"><\/td>\n<td style=\"width: 45%; height: 20px; border: #5090b0 1px solid;\" align=\"center\" valign=\"middle\"><\/td>\n<\/tr>\n<tr>\n<td style=\"width: 45%; height: 20px; border: #5090b0 1px solid;\" align=\"center\" valign=\"middle\"><\/td>\n<td style=\"width: 45%; height: 20px; border: #5090b0 1px solid;\" align=\"center\" valign=\"middle\"><\/td>\n<\/tr>\n<tr>\n<td style=\"width: 45%; height: 20px; border: #5090b0 1px solid;\" align=\"center\" valign=\"middle\"><\/td>\n<td style=\"width: 45%; height: 20px; border: #5090b0 1px solid;\" align=\"center\" valign=\"middle\"><\/td>\n<\/tr>\n<tr>\n<td style=\"width: 45%; height: 20px; border: #5090b0 1px solid;\" align=\"center\" valign=\"middle\"><\/td>\n<td style=\"width: 45%; height: 20px; border: 1px solid #5090b0; text-align: left;\" align=\"center\" valign=\"middle\"><\/td>\n<\/tr>\n<\/tbody>\n<\/table>\n<p style=\"text-align: left;\">\n","protected":false},"excerpt":{"rendered":"<p>&nbsp; Ciclo escolar 2019 Espacio Curricular (o Materia) Docente\u00a0 Primer a\u00f1o. Tecnicatura Superior en Administraci\u00f3n P\u00fablica Econom\u00eda RINALDI, Silvina\u00a0 Producci\u00f3n oral y escrita\u00a0 DI PAOLA, Javier Inform\u00e1tica CAMPOS, Mariano Contabilidad P\u00fablica\u00a0 ZAMPELUNGUE, Marina Principios de Administraci\u00f3n\u00a0 GARC\u00cdA, Natalia\u00a0 E.D.I. Introducci\u00f3n a la Administraci\u00f3n P\u00fablica\u00a0 GARC\u00cdA, Natalia\u00a0 Segundo a\u00f1o. Tecnicatura Superior en Enfermer\u00eda\u00a0 \u00a0 Comunicaci\u00f3n en &#8230; <a title=\"Docentes\" class=\"read-more\" href=\"https:\/\/isfdyt218-bue.infd.edu.ar\/sitio\/docentes-2\/\" aria-label=\"More on Docentes\">[+]<\/a><\/p>\n","protected":false},"author":12,"featured_media":0,"parent":0,"menu_order":0,"comment_status":"closed","ping_status":"closed","template":"","meta":[],"acf":[],"_links":{"self":[{"href":"https:\/\/isfdyt218-bue.infd.edu.ar\/sitio\/wp-json\/wp\/v2\/pages\/776"}],"collection":[{"href":"https:\/\/isfdyt218-bue.infd.edu.ar\/sitio\/wp-json\/wp\/v2\/pages"}],"about":[{"href":"https:\/\/isfdyt218-bue.infd.edu.ar\/sitio\/wp-json\/wp\/v2\/types\/page"}],"author":[{"embeddable":true,"href":"https:\/\/isfdyt218-bue.infd.edu.ar\/sitio\/wp-json\/wp\/v2\/users\/12"}],"replies":[{"embeddable":true,"href":"https:\/\/isfdyt218-bue.infd.edu.ar\/sitio\/wp-json\/wp\/v2\/comments?post=776"}],"version-history":[{"count":8,"href":"https:\/\/isfdyt218-bue.infd.edu.ar\/sitio\/wp-json\/wp\/v2\/pages\/776\/revisions"}],"predecessor-version":[{"id":1054,"href":"https:\/\/isfdyt218-bue.infd.edu.ar\/sitio\/wp-json\/wp\/v2\/pages\/776\/revisions\/1054"}],"wp:attachment":[{"href":"https:\/\/isfdyt218-bue.infd.edu.ar\/sitio\/wp-json\/wp\/v2\/media?parent=776"}],"curies":[{"name":"wp","href":"https:\/\/api.w.org\/{rel}","templated":true}]}}