{"id":774,"date":"2018-06-28T01:24:35","date_gmt":"2018-06-28T04:24:35","guid":{"rendered":"https:\/\/isfdyt218-bue.infd.edu.ar\/sitio\/datos-institucionales\/"},"modified":"2024-04-04T11:01:05","modified_gmt":"2024-04-04T14:01:05","slug":"datos-institucionales","status":"publish","type":"page","link":"https:\/\/isfdyt218-bue.infd.edu.ar\/sitio\/datos-institucionales\/","title":{"rendered":"Datos institucionales"},"content":{"rendered":"<blockquote>\n<p style=\"text-align: center;\"><span style=\"font-size: 14pt;\"><strong><span style=\"font-family: verdana; color: #008000;\">Instituto de Formaci\u00f3n Docente y T\u00e9cnica N\u00b0218 Roque P\u00e9rez<\/span><\/strong><\/span><\/p>\n<p style=\"text-align: center;\">\n<ul>\n<li><span style=\"font-family: verdana; font-size: 12pt;\"><strong><span style=\"color: #008000;\">Horarios de atenci\u00f3n:<\/span><\/strong> lunes a viernes de 17:45 hs. a 22:15 hs.<\/span><\/li>\n<li><span style=\"font-family: verdana; font-size: 12pt;\"><span style=\"color: #008000;\"><strong>Direcci\u00f3n:<\/strong><\/span> 9 de Julio 1573. Roque P\u00e9rez. CP 7245 Bs. As.<\/span><\/li>\n<li><span style=\"font-size: 12pt;\"><strong><span style=\"font-family: verdana; color: #008000;\">Tel\u00e9fonos:\u00a0<\/span><\/strong><span style=\"font-family: verdana; color: #000000;\">(02227) 492652 &#8211; (02227) 492647<\/span><\/span><\/li>\n<li><span style=\"font-size: 12pt;\"><strong><span style=\"font-family: verdana; color: #008000;\">Celular: 2227-525315<\/span><\/strong><\/span><\/li>\n<li><span style=\"color: #008000; font-size: 12pt;\"><strong><span style=\"font-family: verdana;\">E-mail de consultas:<\/span><\/strong><span style=\"font-family: verdana;\"><span style=\"color: #000000;\"> isfdyt218roqueperez@abc.gob.ar<\/span><\/span><\/span><\/li>\n<\/ul>\n<\/blockquote>\n","protected":false},"excerpt":{"rendered":"<p>Instituto de Formaci\u00f3n Docente y T\u00e9cnica N\u00b0218 Roque P\u00e9rez Horarios de atenci\u00f3n: lunes a viernes de 17:45 hs. a 22:15 hs. Direcci\u00f3n: 9 de Julio 1573. Roque P\u00e9rez. CP 7245 Bs. As. Tel\u00e9fonos:\u00a0(02227) 492652 &#8211; (02227) 492647 Celular: 2227-525315 E-mail de consultas: isfdyt218roqueperez@abc.gob.ar<\/p>\n","protected":false},"author":12,"featured_media":0,"parent":0,"menu_order":0,"comment_status":"closed","ping_status":"closed","template":"","meta":[],"acf":[],"_links":{"self":[{"href":"https:\/\/isfdyt218-bue.infd.edu.ar\/sitio\/wp-json\/wp\/v2\/pages\/774"}],"collection":[{"href":"https:\/\/isfdyt218-bue.infd.edu.ar\/sitio\/wp-json\/wp\/v2\/pages"}],"about":[{"href":"https:\/\/isfdyt218-bue.infd.edu.ar\/sitio\/wp-json\/wp\/v2\/types\/page"}],"author":[{"embeddable":true,"href":"https:\/\/isfdyt218-bue.infd.edu.ar\/sitio\/wp-json\/wp\/v2\/users\/12"}],"replies":[{"embeddable":true,"href":"https:\/\/isfdyt218-bue.infd.edu.ar\/sitio\/wp-json\/wp\/v2\/comments?post=774"}],"version-history":[{"count":2,"href":"https:\/\/isfdyt218-bue.infd.edu.ar\/sitio\/wp-json\/wp\/v2\/pages\/774\/revisions"}],"predecessor-version":[{"id":1336,"href":"https:\/\/isfdyt218-bue.infd.edu.ar\/sitio\/wp-json\/wp\/v2\/pages\/774\/revisions\/1336"}],"wp:attachment":[{"href":"https:\/\/isfdyt218-bue.infd.edu.ar\/sitio\/wp-json\/wp\/v2\/media?parent=774"}],"curies":[{"name":"wp","href":"https:\/\/api.w.org\/{rel}","templated":true}]}}