{"id":286,"date":"2016-10-31T13:17:59","date_gmt":"2016-10-31T16:17:59","guid":{"rendered":"https:\/\/isfdyt218-bue.infd.edu.ar\/sitio\/?page_id=286"},"modified":"2025-10-18T13:11:15","modified_gmt":"2025-10-18T16:11:15","slug":"inicio","status":"publish","type":"page","link":"https:\/\/isfdyt218-bue.infd.edu.ar\/sitio\/","title":{"rendered":"Inicio"},"content":{"rendered":"<p><img decoding=\"async\" loading=\"lazy\" class=\"alignnone size-medium wp-image-1607\" src=\"https:\/\/isfdyt218-bue.infd.edu.ar\/sitio\/wp-content\/uploads\/2025\/10\/Frente-IS-1000x461.jpg\" alt=\"\" width=\"1000\" height=\"461\" srcset=\"https:\/\/isfdyt218-bue.infd.edu.ar\/sitio\/wp-content\/uploads\/2025\/10\/Frente-IS-1000x461.jpg 1000w, https:\/\/isfdyt218-bue.infd.edu.ar\/sitio\/wp-content\/uploads\/2025\/10\/Frente-IS-1900x876.jpg 1900w, https:\/\/isfdyt218-bue.infd.edu.ar\/sitio\/wp-content\/uploads\/2025\/10\/Frente-IS-768x354.jpg 768w, https:\/\/isfdyt218-bue.infd.edu.ar\/sitio\/wp-content\/uploads\/2025\/10\/Frente-IS-1536x708.jpg 1536w, https:\/\/isfdyt218-bue.infd.edu.ar\/sitio\/wp-content\/uploads\/2025\/10\/Frente-IS-2048x944.jpg 2048w\" sizes=\"(max-width: 1000px) 100vw, 1000px\" \/><\/p>\n<p>&nbsp;<\/p>\n<p>&nbsp;<\/p>\n<p>\u00a0Un lugar para crecer\u00a0 <img decoding=\"async\" title=\"\" src=\"https:\/\/isfdyt218-bue.infd.edu.ar\/sitio\/wp-content\/uploads\/2018\/06\/linea3.png\" alt=\"\" border=\"0\" \/><\/p>\n<div>\n<div>\n<div>El\u00a0Instituto Superior de Formaci\u00f3n Docente y T\u00e9cnica N\u00b0 218 Roque P\u00e9rez, forma parte del sistema de educaci\u00f3n p\u00fablica de gesti\u00f3n estatal. Junto con mas de 800 institutos, integramos la\u00a0<em><strong>Red\u00a0Virtual de Institutos Superiores de Formaci\u00f3n Docente<\/strong><\/em>\u00a0coordinada por el\u00a0<strong>INFD\u00a0<\/strong>(Instituto Nacional de Formaci\u00f3n Docente) dependiente del Ministerio de Educaci\u00f3n de la Naci\u00f3n Argentina.<\/div>\n<div>\u00a0<\/div>\n<div>\u00a0<\/div>\n<div><img decoding=\"async\" title=\"\" src=\"https:\/\/isfdyt218-bue.infd.edu.ar\/sitio\/wp-content\/uploads\/2018\/06\/linea2.png\" alt=\"\" border=\"0\" \/><\/div>\n<\/div>\n<\/div>\n","protected":false},"excerpt":{"rendered":"<p>&nbsp; &nbsp; \u00a0Un lugar para crecer\u00a0 El\u00a0Instituto Superior de Formaci\u00f3n Docente y T\u00e9cnica N\u00b0 218 Roque P\u00e9rez, forma parte del sistema de educaci\u00f3n p\u00fablica de gesti\u00f3n estatal. Junto con mas de 800 institutos, integramos la\u00a0Red\u00a0Virtual de Institutos Superiores de Formaci\u00f3n Docente\u00a0coordinada por el\u00a0INFD\u00a0(Instituto Nacional de Formaci\u00f3n Docente) dependiente del Ministerio de Educaci\u00f3n de la Naci\u00f3n &#8230; <a title=\"Inicio\" class=\"read-more\" href=\"https:\/\/isfdyt218-bue.infd.edu.ar\/sitio\/\" aria-label=\"More on Inicio\">[+]<\/a><\/p>\n","protected":false},"author":1,"featured_media":0,"parent":0,"menu_order":0,"comment_status":"closed","ping_status":"closed","template":"","meta":[],"acf":[],"_links":{"self":[{"href":"https:\/\/isfdyt218-bue.infd.edu.ar\/sitio\/wp-json\/wp\/v2\/pages\/286"}],"collection":[{"href":"https:\/\/isfdyt218-bue.infd.edu.ar\/sitio\/wp-json\/wp\/v2\/pages"}],"about":[{"href":"https:\/\/isfdyt218-bue.infd.edu.ar\/sitio\/wp-json\/wp\/v2\/types\/page"}],"author":[{"embeddable":true,"href":"https:\/\/isfdyt218-bue.infd.edu.ar\/sitio\/wp-json\/wp\/v2\/users\/1"}],"replies":[{"embeddable":true,"href":"https:\/\/isfdyt218-bue.infd.edu.ar\/sitio\/wp-json\/wp\/v2\/comments?post=286"}],"version-history":[{"count":93,"href":"https:\/\/isfdyt218-bue.infd.edu.ar\/sitio\/wp-json\/wp\/v2\/pages\/286\/revisions"}],"predecessor-version":[{"id":1610,"href":"https:\/\/isfdyt218-bue.infd.edu.ar\/sitio\/wp-json\/wp\/v2\/pages\/286\/revisions\/1610"}],"wp:attachment":[{"href":"https:\/\/isfdyt218-bue.infd.edu.ar\/sitio\/wp-json\/wp\/v2\/media?parent=286"}],"curies":[{"name":"wp","href":"https:\/\/api.w.org\/{rel}","templated":true}]}}