{"id":1498,"date":"2025-10-15T14:48:32","date_gmt":"2025-10-15T17:48:32","guid":{"rendered":"https:\/\/isfdyt218-bue.infd.edu.ar\/sitio\/?page_id=1498"},"modified":"2025-10-15T15:06:02","modified_gmt":"2025-10-15T18:06:02","slug":"mesas-de-examenes","status":"publish","type":"page","link":"https:\/\/isfdyt218-bue.infd.edu.ar\/sitio\/mesas-de-examenes\/","title":{"rendered":"Mesas de ex\u00e1menes"},"content":{"rendered":"\n<p><\/p>\n\n\n\n<h3 class=\"wp-block-heading has-text-align-left\">Turno de Diciembre 2025<\/h3>\n\n\n\n<p><\/p>\n\n\n\n<p>Inscripci\u00f3n desde el 24\/11\/2025 al 28\/11\/2025<\/p>\n\n\n\n<p>Enlace a formulario de inscripci\u00f3n<\/p>\n\n\n\n<p>Fechas: desde el 01\/12\/2025 al 29\/12\/2025<\/p>\n\n\n\n<p><\/p>\n\n\n\n<h2 class=\"wp-block-heading has-text-align-left\">Turno Febrero\/Marzo 2026<\/h2>\n\n\n\n<p>Inscripci\u00f3n  posiblemente en la tercer semana de febrero<\/p>\n\n\n\n<p>Enlace a formulario de inscripci\u00f3n<\/p>\n\n\n\n<p>Fechas: posible \u00faltima semana de febrero y primer quincena de marzo<\/p>\n","protected":false},"excerpt":{"rendered":"<p>Turno de Diciembre 2025 Inscripci\u00f3n desde el 24\/11\/2025 al 28\/11\/2025 Enlace a formulario de inscripci\u00f3n Fechas: desde el 01\/12\/2025 al 29\/12\/2025 Turno Febrero\/Marzo 2026 Inscripci\u00f3n posiblemente en la tercer semana de febrero Enlace a formulario de inscripci\u00f3n Fechas: posible \u00faltima semana de febrero y primer quincena de marzo<\/p>\n","protected":false},"author":11,"featured_media":0,"parent":0,"menu_order":0,"comment_status":"closed","ping_status":"closed","template":"","meta":[],"acf":[],"_links":{"self":[{"href":"https:\/\/isfdyt218-bue.infd.edu.ar\/sitio\/wp-json\/wp\/v2\/pages\/1498"}],"collection":[{"href":"https:\/\/isfdyt218-bue.infd.edu.ar\/sitio\/wp-json\/wp\/v2\/pages"}],"about":[{"href":"https:\/\/isfdyt218-bue.infd.edu.ar\/sitio\/wp-json\/wp\/v2\/types\/page"}],"author":[{"embeddable":true,"href":"https:\/\/isfdyt218-bue.infd.edu.ar\/sitio\/wp-json\/wp\/v2\/users\/11"}],"replies":[{"embeddable":true,"href":"https:\/\/isfdyt218-bue.infd.edu.ar\/sitio\/wp-json\/wp\/v2\/comments?post=1498"}],"version-history":[{"count":3,"href":"https:\/\/isfdyt218-bue.infd.edu.ar\/sitio\/wp-json\/wp\/v2\/pages\/1498\/revisions"}],"predecessor-version":[{"id":1503,"href":"https:\/\/isfdyt218-bue.infd.edu.ar\/sitio\/wp-json\/wp\/v2\/pages\/1498\/revisions\/1503"}],"wp:attachment":[{"href":"https:\/\/isfdyt218-bue.infd.edu.ar\/sitio\/wp-json\/wp\/v2\/media?parent=1498"}],"curies":[{"name":"wp","href":"https:\/\/api.w.org\/{rel}","templated":true}]}}