{"id":1370,"date":"2024-11-25T00:56:46","date_gmt":"2024-11-25T03:56:46","guid":{"rendered":"https:\/\/isfdyt218-bue.infd.edu.ar\/sitio\/?page_id=1370"},"modified":"2025-10-17T00:30:57","modified_gmt":"2025-10-17T03:30:57","slug":"tecnicatura-superior-en-enfermeria","status":"publish","type":"page","link":"https:\/\/isfdyt218-bue.infd.edu.ar\/sitio\/tecnicatura-superior-en-enfermeria\/","title":{"rendered":"Tecnicatura Superior en Enfermer\u00eda Res. N\u00b0854\/16"},"content":{"rendered":"\n<h3 class=\"wp-block-heading\">En diciembre de 2025, se abre la inscripci\u00f3n para el segundo a\u00f1o<\/h3>\n\n\n\n<p><\/p>\n\n\n\n<p><\/p>\n\n\n\n<p><strong>Duraci\u00f3n:&nbsp;3 a\u00f1os<\/strong><\/p>\n\n\n\n<p><strong>Carrera de Ciclo Cerrado<\/strong><\/p>\n\n\n\n<p><strong>Modalidad: presencial, con un % semipresencial y libre<\/strong><\/p>\n\n\n\n<p><strong>Se cursa de lunes a viernes, en turno vespertino de 17.50 hs. a 22:00 hs.<\/strong><\/p>\n\n\n\n<p><strong>Inicio: 2025 \/ Finaliza: 202<\/strong>7<\/p>\n\n\n\n<p><strong>Requisitos de Ingreso: haber aprobado el nivel secundario en cualquiera de sus modalidades.<\/strong><\/p>\n\n\n\n<p>Incumbencias laborales:<\/p>\n\n\n\n<p>Su formaci\u00f3n est\u00e1 centrada en el ejercicio profesional del desarrollo y gesti\u00f3n de los cuidados de enfermer\u00eda aut\u00f3nomos e interdependientes para la promoci\u00f3n, prevenci\u00f3n, recuperaci\u00f3n y rehabilitaci\u00f3n de la persona, la familia, grupo y comunidad, hasta el nivel de cuidados intermedios, en los \u00e1mbitos comunitario y hospitalario.<\/p>\n\n\n\n<p><\/p>\n\n\n\n<p>Plan de estudio<\/p>\n\n\n\n<figure class=\"wp-block-table is-style-regular\"><table><tbody><tr><td><\/td><td>                                                                                           <strong>Primer a\u00f1o<\/strong><\/td><\/tr><tr><td>1<\/td><td>Pr\u00e1ctica Profesionalizante I<\/td><\/tr><tr><td>2<\/td><td>Salud P\u00fablica I<\/td><\/tr><tr><td>3<\/td><td>Psicolog\u00eda<\/td><\/tr><tr><td>4<\/td><td>Biolog\u00eda Humana<\/td><\/tr><tr><td>5<\/td><td>Fundamentos del Cuidado<\/td><\/tr><tr><td>6<\/td><td>Cuidados de la Salud Centrados en la Comunidad y la Familia<\/td><\/tr><tr><td>7<\/td><td>Condiciones y Medio Ambiente del Trabajo<\/td><\/tr><tr><td>8<\/td><td>Teor\u00edas Socio culturales de la salud<\/td><\/tr><tr><td><\/td><td>                                                                                               <strong>Segundo<\/strong> <strong>a\u00f1o<\/strong><\/td><\/tr><tr><td>1<\/td><td>Pr\u00e1ctica Profesionalizante II<\/td><\/tr><tr><td>2<\/td><td>Salud P\u00fablica II<\/td><\/tr><tr><td>3<\/td><td>Enfermer\u00eda materno infantil<\/td><\/tr><tr><td>4<\/td><td>Enfermer\u00eda materno infantil<\/td><\/tr><tr><td>5<\/td><td>Ingl\u00e9s<\/td><\/tr><tr><td>6<\/td><td>Farmacolog\u00eda<\/td><\/tr><tr><td>7<\/td><td>Nutrici\u00f3n y Dietoterapia<\/td><\/tr><tr><td>8<\/td><td>Introducci\u00f3n a la metodolog\u00eda de la investigaci\u00f3n en salud<\/td><\/tr><tr><td>9<\/td><td>Enfermer\u00eda del adulto y del adulto mayor I<\/td><\/tr><tr><td><\/td><td>                                                                                                         <strong>Tercer a\u00f1o<\/strong><\/td><\/tr><tr><td>1<\/td><td>Pr\u00e1ctica Profesionalizante III<\/td><\/tr><tr><td>2<\/td><td>Enfermer\u00eda en Emergencia y Cat\u00e1strofe<\/td><\/tr><tr><td>3<\/td><td>Enfermer\u00eda Comunitaria y Pr\u00e1ctica Educativa en Salud<\/td><\/tr><tr><td>4<\/td><td>Enfermer\u00eda en Salud Mental<\/td><\/tr><tr><td>5<\/td><td>Aspectos Bio\u00e9ticos y Legales en Enfermer\u00eda<\/td><\/tr><tr><td>6<\/td><td>Enfermer\u00eda del Adulto y Adulto Mayor II<\/td><\/tr><tr><td>7<\/td><td>Organizaci\u00f3n y Gesti\u00f3n de Servicios de Enfermer\u00eda<\/td><\/tr><\/tbody><\/table><\/figure>\n\n\n\n<h3 class=\"wp-block-heading\"><a href=\"https:\/\/isfdyt218-bue.infd.edu.ar\/sitio\/wp-content\/uploads\/2025\/10\/Correlatividades-Enfermeria.pdf\">R\u00e9gimen de correlatividades<\/a><\/h3>\n\n\n\n<h3 class=\"wp-block-heading\"><a href=\"https:\/\/isfdyt218-bue.infd.edu.ar\/sitio\/wp-content\/uploads\/sitio\/05-00_Curriculo_Tec_Sup_Enfermeria-curricula-FINAL.pdf\">Enlace al dise\u00f1o Curricular<\/a><\/h3>\n\n\n\n<p><\/p>\n","protected":false},"excerpt":{"rendered":"<p>En diciembre de 2025, se abre la inscripci\u00f3n para el segundo a\u00f1o Duraci\u00f3n:&nbsp;3 a\u00f1os Carrera de Ciclo Cerrado Modalidad: presencial, con un % semipresencial y libre Se cursa de lunes a viernes, en turno vespertino de 17.50 hs. a 22:00 hs. Inicio: 2025 \/ Finaliza: 2027 Requisitos de Ingreso: haber aprobado el nivel secundario en &#8230; <a title=\"Tecnicatura Superior en Enfermer\u00eda Res. N\u00b0854\/16\" class=\"read-more\" href=\"https:\/\/isfdyt218-bue.infd.edu.ar\/sitio\/tecnicatura-superior-en-enfermeria\/\" aria-label=\"More on Tecnicatura Superior en Enfermer\u00eda Res. N\u00b0854\/16\">[+]<\/a><\/p>\n","protected":false},"author":11,"featured_media":0,"parent":0,"menu_order":0,"comment_status":"closed","ping_status":"closed","template":"","meta":[],"acf":[],"_links":{"self":[{"href":"https:\/\/isfdyt218-bue.infd.edu.ar\/sitio\/wp-json\/wp\/v2\/pages\/1370"}],"collection":[{"href":"https:\/\/isfdyt218-bue.infd.edu.ar\/sitio\/wp-json\/wp\/v2\/pages"}],"about":[{"href":"https:\/\/isfdyt218-bue.infd.edu.ar\/sitio\/wp-json\/wp\/v2\/types\/page"}],"author":[{"embeddable":true,"href":"https:\/\/isfdyt218-bue.infd.edu.ar\/sitio\/wp-json\/wp\/v2\/users\/11"}],"replies":[{"embeddable":true,"href":"https:\/\/isfdyt218-bue.infd.edu.ar\/sitio\/wp-json\/wp\/v2\/comments?post=1370"}],"version-history":[{"count":10,"href":"https:\/\/isfdyt218-bue.infd.edu.ar\/sitio\/wp-json\/wp\/v2\/pages\/1370\/revisions"}],"predecessor-version":[{"id":1592,"href":"https:\/\/isfdyt218-bue.infd.edu.ar\/sitio\/wp-json\/wp\/v2\/pages\/1370\/revisions\/1592"}],"wp:attachment":[{"href":"https:\/\/isfdyt218-bue.infd.edu.ar\/sitio\/wp-json\/wp\/v2\/media?parent=1370"}],"curies":[{"name":"wp","href":"https:\/\/api.w.org\/{rel}","templated":true}]}}