{"id":1368,"date":"2024-11-25T00:56:24","date_gmt":"2024-11-25T03:56:24","guid":{"rendered":"https:\/\/isfdyt218-bue.infd.edu.ar\/sitio\/?page_id=1368"},"modified":"2025-10-17T00:32:19","modified_gmt":"2025-10-17T03:32:19","slug":"tecnicatura-superior-en-pymes","status":"publish","type":"page","link":"https:\/\/isfdyt218-bue.infd.edu.ar\/sitio\/tecnicatura-superior-en-pymes\/","title":{"rendered":"Tecnicatura Superior en Administraci\u00f3n de PyMES Res. N\u00b0 458\/23"},"content":{"rendered":"\n<h3 class=\"wp-block-heading\">En diciembre de 2025, se abre la inscripci\u00f3n para el tercer a\u00f1o<\/h3>\n\n\n\n<p><\/p>\n\n\n\n<p><\/p>\n\n\n\n<p><strong>Duraci\u00f3n:&nbsp;3 a\u00f1os<\/strong><\/p>\n\n\n\n<p><strong>Carrera de Ciclo Cerrado<\/strong><\/p>\n\n\n\n<p><strong>Modalidad: presencial, con un % semipresencial y libre<\/strong><\/p>\n\n\n\n<p><strong>Se cursa de lunes a viernes, en turno vespertino de 17.50 hs. a 22:00 hs.<\/strong><\/p>\n\n\n\n<p><strong>Inicio: 2024 \/ Finaliza: 2026<\/strong><\/p>\n\n\n\n<p><strong>Requisitos de Ingreso: haber aprobado el nivel secundario en cualquiera de sus modalidades.<\/strong><\/p>\n\n\n\n<p>Incumbencias laborales:<\/p>\n\n\n\n<ul>\n<li>Competencias PYMES. Organizar, programar, las operaciones comerciales, financieras y administrativas de organizaciones y\/o empresas. Ejecutar y controlar las operaciones comerciales, financieras y administrativas de organizaciones y\/o empresas. Elaborar, controlar y registrar el flujo de informaci\u00f3n. Planificar los recursos requeridos para desarrollar las actividades de organizaciones y\/o empresas. Gestionar las decisiones relacionadas con sus actividades.<\/li>\n<\/ul>\n\n\n\n<p><\/p>\n\n\n\n<p>Plan de estudio<\/p>\n\n\n\n<figure class=\"wp-block-table is-style-regular\"><table><tbody><tr><td><\/td><td>                                                                                           <strong>Primer a\u00f1o<\/strong><\/td><\/tr><tr><td>1<\/td><td>INGL\u00c9S 1<\/td><\/tr><tr><td>2<\/td><td>PRINCIPIOS DE CONTABILIDAD<\/td><\/tr><tr><td>3<\/td><td>FUNDAMENTOS DE MATEM\u00c1TICA<\/td><\/tr><tr><td>4<\/td><td>ECONOM\u00cdA<\/td><\/tr><tr><td>5<\/td><td>DERECHO<\/td><\/tr><tr><td>6<\/td><td>GESTI\u00d3N DE INFORMACI\u00d3N PARA ADMINISTRACI\u00d3N<\/td><\/tr><tr><td>7<\/td><td>PRINCIPIOS DE ADMINISTRACI\u00d3N<\/td><\/tr><tr><td>8<\/td><td>PR\u00c1CTICAS PROFESIONALIZANTES 1:APROXIMACI\u00d3N AL CAMPO LABORAL<\/td><\/tr><tr><td><\/td><td>                                                                                               <strong>Segundo<\/strong> <strong>a\u00f1o<\/strong><\/td><\/tr><tr><td>1<\/td><td>INGL\u00c9S 2<\/td><\/tr><tr><td>2<\/td><td>CONTABILIDAD DE GESTI\u00d3N<\/td><\/tr><tr><td>3<\/td><td>MATEM\u00c1TICA FINANCIERA<\/td><\/tr><tr><td>4<\/td><td>DERECHO LABORAL<\/td><\/tr><tr><td>5<\/td><td>DERECHO COMERCIAL<\/td><\/tr><tr><td>6<\/td><td>TECNOLOG\u00cdAS Y SISTEMAS PARA ADMINISTRACI\u00d3N<\/td><\/tr><tr><td>7<\/td><td>COSTOS Y PLANIFICACI\u00d3N<\/td><\/tr><tr><td>8<\/td><td>ADMINISTRACI\u00d3N DE PERSONAL<\/td><\/tr><tr><td>9<\/td><td>PR\u00c1CTICAS PROFESIONALIZANTES 2: DISE\u00d1O DE PROYECTOS DE ADMINISTRACI\u00d3N<\/td><\/tr><tr><td><\/td><td>                                                                                                         <strong>Tercer a\u00f1o<\/strong><\/td><\/tr><tr><td>1<\/td><td>Teor\u00eda y T\u00e9cnica Tributaria<\/td><\/tr><tr><td>2<\/td><td>Marketing Estrat\u00e9gico y Operativo<\/td><\/tr><tr><td>3<\/td><td>Administraci\u00f3n Estrat\u00e9gica y Control de Gesti\u00f3n<\/td><\/tr><tr><td>4<\/td><td>Administraci\u00f3n de las Operaciones<\/td><\/tr><tr><td>5<\/td><td>Negocios Internacionales<\/td><\/tr><tr><td>6<\/td><td>Finanzas de Empresas<\/td><\/tr><tr><td>7<\/td><td>Pr\u00e1cticas Profesionalizantes 3: Gesti\u00f3n e Implementaci\u00f3n de Proyectos de Administraci\u00f3n<\/td><\/tr><\/tbody><\/table><\/figure>\n\n\n\n<h3 class=\"wp-block-heading\"><a href=\"https:\/\/isfdyt218-bue.infd.edu.ar\/sitio\/wp-content\/uploads\/2025\/10\/CORRELATIVIDADES-ADMINISTRACION-DE-PYMES.pdf\">R\u00e9gimen de correlatividades<\/a><\/h3>\n\n\n\n<h3 class=\"wp-block-heading\"><a href=\"https:\/\/isfdyt218-bue.infd.edu.ar\/sitio\/wp-content\/uploads\/2024\/02\/TECNICATURA-SUPERIOR-EN-ADMINISTRACION-DE-PYMES.-Resol-458-23.-y-Curric.pdf\">Enlace al dise\u00f1o Curricular<\/a><\/h3>\n\n\n\n<p><\/p>\n","protected":false},"excerpt":{"rendered":"<p>En diciembre de 2025, se abre la inscripci\u00f3n para el tercer a\u00f1o Duraci\u00f3n:&nbsp;3 a\u00f1os Carrera de Ciclo Cerrado Modalidad: presencial, con un % semipresencial y libre Se cursa de lunes a viernes, en turno vespertino de 17.50 hs. a 22:00 hs. Inicio: 2024 \/ Finaliza: 2026 Requisitos de Ingreso: haber aprobado el nivel secundario en &#8230; <a title=\"Tecnicatura Superior en Administraci\u00f3n de PyMES Res. N\u00b0 458\/23\" class=\"read-more\" href=\"https:\/\/isfdyt218-bue.infd.edu.ar\/sitio\/tecnicatura-superior-en-pymes\/\" aria-label=\"More on Tecnicatura Superior en Administraci\u00f3n de PyMES Res. N\u00b0 458\/23\">[+]<\/a><\/p>\n","protected":false},"author":11,"featured_media":0,"parent":0,"menu_order":0,"comment_status":"closed","ping_status":"closed","template":"","meta":[],"acf":[],"_links":{"self":[{"href":"https:\/\/isfdyt218-bue.infd.edu.ar\/sitio\/wp-json\/wp\/v2\/pages\/1368"}],"collection":[{"href":"https:\/\/isfdyt218-bue.infd.edu.ar\/sitio\/wp-json\/wp\/v2\/pages"}],"about":[{"href":"https:\/\/isfdyt218-bue.infd.edu.ar\/sitio\/wp-json\/wp\/v2\/types\/page"}],"author":[{"embeddable":true,"href":"https:\/\/isfdyt218-bue.infd.edu.ar\/sitio\/wp-json\/wp\/v2\/users\/11"}],"replies":[{"embeddable":true,"href":"https:\/\/isfdyt218-bue.infd.edu.ar\/sitio\/wp-json\/wp\/v2\/comments?post=1368"}],"version-history":[{"count":6,"href":"https:\/\/isfdyt218-bue.infd.edu.ar\/sitio\/wp-json\/wp\/v2\/pages\/1368\/revisions"}],"predecessor-version":[{"id":1593,"href":"https:\/\/isfdyt218-bue.infd.edu.ar\/sitio\/wp-json\/wp\/v2\/pages\/1368\/revisions\/1593"}],"wp:attachment":[{"href":"https:\/\/isfdyt218-bue.infd.edu.ar\/sitio\/wp-json\/wp\/v2\/media?parent=1368"}],"curies":[{"name":"wp","href":"https:\/\/api.w.org\/{rel}","templated":true}]}}