{"id":1364,"date":"2024-11-25T00:54:53","date_gmt":"2024-11-25T03:54:53","guid":{"rendered":"https:\/\/isfdyt218-bue.infd.edu.ar\/sitio\/?page_id=1364"},"modified":"2025-10-17T00:04:51","modified_gmt":"2025-10-17T03:04:51","slug":"profesorado-de-educacion-inicial","status":"publish","type":"page","link":"https:\/\/isfdyt218-bue.infd.edu.ar\/sitio\/profesorado-de-educacion-inicial\/","title":{"rendered":"Profesorado de Educaci\u00f3n Inicial Res. N\u00b0 4154\/07"},"content":{"rendered":"\n<h3 class=\"wp-block-heading\">En diciembre de 2025, se abre la inscripci\u00f3n para el primer a\u00f1o<\/h3>\n\n\n\n<p><\/p>\n\n\n\n<p><\/p>\n\n\n\n<p><strong>Duraci\u00f3n:&nbsp;4 a\u00f1os<\/strong><\/p>\n\n\n\n<p><strong>Carrera de Ciclo Cerrado<\/strong><\/p>\n\n\n\n<p><strong>Modalidad: presencial, con un % semipresencial y libre<\/strong><\/p>\n\n\n\n<p><strong>Se cursa de lunes a viernes, en turno vespertino de 17.50 hs. a 22:00 hs.<\/strong><\/p>\n\n\n\n<p><strong>Inicio: 2026 \/ Finaliza: 2029<\/strong><\/p>\n\n\n\n<p><strong>Requisitos de Ingreso: haber aprobado el nivel secundario en cualquiera de sus modalidades.<\/strong><\/p>\n\n\n\n<p>Incumbencias laborales:<\/p>\n\n\n\n<ul>\n<li>Profesor\/a de Educaci\u00f3n Inicial<\/li>\n\n\n\n<li>Maestro\/a especializado en Grupo Inicial CEC<\/li>\n\n\n\n<li>Maestro\/a de Jardines Maternales<\/li>\n\n\n\n<li>Maestro\/a de Jardines de Infantes<\/li>\n\n\n\n<li>Preceptor\/a.<\/li>\n<\/ul>\n\n\n\n<p><\/p>\n\n\n\n<p>Plan de estudio<\/p>\n\n\n\n<figure class=\"wp-block-table is-style-regular\"><table><tbody><tr><td><\/td><td>                                                                                           <strong>Primer a\u00f1o<\/strong><\/td><\/tr><tr><td>1<\/td><td>Taller de lectura, escritura y oralidad<\/td><\/tr><tr><td>2<\/td><td>Taller de pensamiento l\u00f3gico matem\u00e1tico<\/td><\/tr><tr><td>3<\/td><td>EDI<\/td><\/tr><tr><td>4<\/td><td>Filosof\u00eda<\/td><\/tr><tr><td>5<\/td><td>Did\u00e1ctica General<\/td><\/tr><tr><td>6<\/td><td>Pedagog\u00eda<\/td><\/tr><tr><td>7<\/td><td>An\u00e1lisis del mundo contempor\u00e1neo<\/td><\/tr><tr><td>8<\/td><td>Psicolog\u00eda del Desarrollo y el Aprendizaje I<\/td><\/tr><tr><td>9<\/td><td>Educaci\u00f3n temprana<\/td><\/tr><tr><td>10<\/td><td>Corporeidad y motricidad<\/td><\/tr><tr><td>11<\/td><td>TFO<\/td><\/tr><tr><td>12<\/td><td>Campo de la Pr\u00e1ctica Docente I<\/td><\/tr><tr><td><\/td><td>                                                                                               <strong>Segundo<\/strong> <strong>a\u00f1o<\/strong><\/td><\/tr><tr><td>1<\/td><td>Did\u00e1ctica y Curr\u00edculum en el Nivel Inicial<\/td><\/tr><tr><td>2<\/td><td>Did\u00e1ctica de Pr\u00e1ctica del Lenguaje y la Literatura I<\/td><\/tr><tr><td>3<\/td><td>TFO<\/td><\/tr><tr><td>4<\/td><td>Psicolog\u00eda Social e Institucional<\/td><\/tr><tr><td>5<\/td><td>Cultura, Comunicaci\u00f3n y Educaci\u00f3n<\/td><\/tr><tr><td>6<\/td><td>Psicolog\u00eda del Desarrollo y del Aprendizaje II<\/td><\/tr><tr><td>7<\/td><td>Did\u00e1ctica de las Matem\u00e1ticas<\/td><\/tr><tr><td>8<\/td><td>Did\u00e1ctica de las Ciencias Naturales<\/td><\/tr><tr><td>9<\/td><td>Did\u00e1ctica de las Ciencias Sociales<\/td><\/tr><tr><td>10<\/td><td>Teor\u00edas sociopol\u00edticas y Educaci\u00f3n<\/td><\/tr><tr><td>11<\/td><td>Educaci\u00f3n Pl\u00e1stica<\/td><\/tr><tr><td>12<\/td><td>Campo de la Pr\u00e1ctica Docente II<\/td><\/tr><tr><td><\/td><td>                                                                                                         <strong>Tercer a\u00f1o<\/strong><\/td><\/tr><tr><td>1<\/td><td>Juegos y Desarrollo Infantil<\/td><\/tr><tr><td>2<\/td><td>Medios Audiovisuales, TICs y Educaci\u00f3n<\/td><\/tr><tr><td>3<\/td><td>Educaci\u00f3n Musical<\/td><\/tr><tr><td>4<\/td><td>Educaci\u00f3n F\u00edsica Escolar<\/td><\/tr><tr><td>5<\/td><td>Taller de Ciencias Sociales<\/td><\/tr><tr><td>6<\/td><td>Taller de Ciencias Naturales<\/td><\/tr><tr><td>7<\/td><td>Taller de Literatura Infantil<\/td><\/tr><tr><td>8<\/td><td>Taller de la Matem\u00e1tica<\/td><\/tr><tr><td>9<\/td><td>Producci\u00f3n de Materiales y Objetos L\u00fadicos<\/td><\/tr><tr><td>10<\/td><td>Historia y Prospectiva de la Educaci\u00f3n<\/td><\/tr><tr><td>11<\/td><td>Pol\u00edticas, Legislaci\u00f3n y Administraci\u00f3n del Trabajo Escolar<\/td><\/tr><tr><td>12<\/td><td>TFO<\/td><\/tr><tr><td>13<\/td><td>Campo de la Pr\u00e1ctica Docente III<\/td><\/tr><tr><td><\/td><td>                                                                                                       <strong>Cuarto a\u00f1o<\/strong><\/td><\/tr><tr><td>1<\/td><td>Reflexi\u00f3n Filos\u00f3fica de la Educaci\u00f3n<\/td><\/tr><tr><td>2<\/td><td>Dimensi\u00f3n \u00c9tico-Pol\u00edtica de la Praxis Docente<\/td><\/tr><tr><td>3<\/td><td>TFO<\/td><\/tr><tr><td>4<\/td><td>Educaci\u00f3n en y para la Salud<\/td><\/tr><tr><td>5<\/td><td>Ateneo de Pr\u00e1cticas del Lenguaje y la Literatura<\/td><\/tr><tr><td>6<\/td><td>Ateneo de Matem\u00e1tica<\/td><\/tr><tr><td>7<\/td><td>Ateneo de Naturaleza y Sociedad<\/td><\/tr><tr><td>8<\/td><td>Ateneo de Nuevas Expresiones Est\u00e9ticas<\/td><\/tr><tr><td>9<\/td><td>Campo de la Pr\u00e1ctica Docente IV<\/td><\/tr><\/tbody><\/table><\/figure>\n\n\n\n<h3 class=\"wp-block-heading\"><a href=\"https:\/\/isfdyt218-bue.infd.edu.ar\/sitio\/wp-content\/uploads\/2025\/10\/INICIAL-CORRELATIVIDADES-NUEVAS.pdf\">R\u00e9gimen de correlatividades<\/a><\/h3>\n\n\n\n<h3 class=\"wp-block-heading\"><a href=\"https:\/\/isfdyt218-bue.infd.edu.ar\/sitio\/wp-content\/uploads\/2019\/12\/07-00_Curriculo_Profesorado_Primaria.pdf\">Enlace al dise\u00f1o Curricular<\/a><\/h3>\n\n\n\n<p><\/p>\n","protected":false},"excerpt":{"rendered":"<p>En diciembre de 2025, se abre la inscripci\u00f3n para el primer a\u00f1o Duraci\u00f3n:&nbsp;4 a\u00f1os Carrera de Ciclo Cerrado Modalidad: presencial, con un % semipresencial y libre Se cursa de lunes a viernes, en turno vespertino de 17.50 hs. a 22:00 hs. Inicio: 2026 \/ Finaliza: 2029 Requisitos de Ingreso: haber aprobado el nivel secundario en &#8230; <a title=\"Profesorado de Educaci\u00f3n Inicial Res. N\u00b0 4154\/07\" class=\"read-more\" href=\"https:\/\/isfdyt218-bue.infd.edu.ar\/sitio\/profesorado-de-educacion-inicial\/\" aria-label=\"More on Profesorado de Educaci\u00f3n Inicial Res. N\u00b0 4154\/07\">[+]<\/a><\/p>\n","protected":false},"author":11,"featured_media":0,"parent":0,"menu_order":0,"comment_status":"closed","ping_status":"closed","template":"","meta":[],"acf":[],"_links":{"self":[{"href":"https:\/\/isfdyt218-bue.infd.edu.ar\/sitio\/wp-json\/wp\/v2\/pages\/1364"}],"collection":[{"href":"https:\/\/isfdyt218-bue.infd.edu.ar\/sitio\/wp-json\/wp\/v2\/pages"}],"about":[{"href":"https:\/\/isfdyt218-bue.infd.edu.ar\/sitio\/wp-json\/wp\/v2\/types\/page"}],"author":[{"embeddable":true,"href":"https:\/\/isfdyt218-bue.infd.edu.ar\/sitio\/wp-json\/wp\/v2\/users\/11"}],"replies":[{"embeddable":true,"href":"https:\/\/isfdyt218-bue.infd.edu.ar\/sitio\/wp-json\/wp\/v2\/comments?post=1364"}],"version-history":[{"count":7,"href":"https:\/\/isfdyt218-bue.infd.edu.ar\/sitio\/wp-json\/wp\/v2\/pages\/1364\/revisions"}],"predecessor-version":[{"id":1572,"href":"https:\/\/isfdyt218-bue.infd.edu.ar\/sitio\/wp-json\/wp\/v2\/pages\/1364\/revisions\/1572"}],"wp:attachment":[{"href":"https:\/\/isfdyt218-bue.infd.edu.ar\/sitio\/wp-json\/wp\/v2\/media?parent=1364"}],"curies":[{"name":"wp","href":"https:\/\/api.w.org\/{rel}","templated":true}]}}