{"id":1362,"date":"2024-11-25T00:54:06","date_gmt":"2024-11-25T03:54:06","guid":{"rendered":"https:\/\/isfdyt218-bue.infd.edu.ar\/sitio\/?page_id=1362"},"modified":"2025-10-16T11:10:46","modified_gmt":"2025-10-16T14:10:46","slug":"profesorado-de-educacion-primaria-2","status":"publish","type":"page","link":"https:\/\/isfdyt218-bue.infd.edu.ar\/sitio\/profesorado-de-educacion-primaria-2\/","title":{"rendered":"Profesorado de Educaci\u00f3n Primaria Res. N\u00b0 4154\/07"},"content":{"rendered":"\n<p><\/p>\n\n\n\n<h3 class=\"wp-block-heading\">En diciembre de 2025, se abre la inscripci\u00f3n para el tercer a\u00f1o<\/h3>\n\n\n\n<p><\/p>\n\n\n\n<p><\/p>\n\n\n\n<p><strong>Duraci\u00f3n:&nbsp;4 a\u00f1os<\/strong><\/p>\n\n\n\n<p><strong>Carrera de Ciclo Cerrado<\/strong><\/p>\n\n\n\n<p><strong>Modalidad: presencial, con un % semipresencial y libre<\/strong><\/p>\n\n\n\n<p><strong>Se cursa de lunes a viernes, en turno vespertino de 17.50 hs. a 22:00 hs.<\/strong><\/p>\n\n\n\n<p><strong>Inicio: 2024 \/ Finaliza: 2027<\/strong><\/p>\n\n\n\n<p><strong>Requisitos de Ingreso: haber aprobado el nivel secundario en cualquiera de sus modalidades.<\/strong><\/p>\n\n\n\n<p>Incumbencias laborales:<\/p>\n\n\n\n<ul>\n<li>Maestro\/a de grado.<\/li>\n\n\n\n<li>Preceptor\/a.<\/li>\n\n\n\n<li>Maestro\/a Especializado en Grupo Primario en Centros Educativos Complementarios<\/li>\n<\/ul>\n\n\n\n<p><\/p>\n\n\n\n<p>Plan de estudio<\/p>\n\n\n\n<figure class=\"wp-block-table is-style-regular\"><table><tbody><tr><td><\/td><td>                                                                                           <strong>Primer a\u00f1o<\/strong><\/td><\/tr><tr><td>1<\/td><td>Arte y educaci\u00f3n<\/td><\/tr><tr><td>2<\/td><td>Did\u00e1ctica General<\/td><\/tr><tr><td>3<\/td><td>EDI. Espacio de Def. Inst. ESI. Herramientas y estrategias para el aula<\/td><\/tr><tr><td>4<\/td><td>Filosof\u00eda<\/td><\/tr><tr><td>5<\/td><td>Psicolog\u00eda del desarrollo y del aprendizaje I<\/td><\/tr><tr><td>6<\/td><td>Pedagog\u00eda<\/td><\/tr><tr><td>7<\/td><td>Taller de lectura, escritura y oralidad<\/td><\/tr><tr><td>8<\/td><td>Corporeidad y Motricidad<\/td><\/tr><tr><td>9<\/td><td>Corporeidad y Motricidad<\/td><\/tr><tr><td>10<\/td><td>Taller de pensamiento l\u00f3gico matem\u00e1tico<\/td><\/tr><tr><td>11<\/td><td>Campo de la Pr\u00e1ctica Docente I<\/td><\/tr><tr><td><\/td><td>                                                                                               <strong>Segundo<\/strong> <strong>a\u00f1o<\/strong><\/td><\/tr><tr><td>1<\/td><td>Educaci\u00f3n Art\u00edstica<\/td><\/tr><tr><td>2<\/td><td>Did\u00e1ctica y Curr\u00edculum de Nivel Primario<\/td><\/tr><tr><td>3<\/td><td>Teor\u00edas Sociopol\u00edticas y Educaci\u00f3n<\/td><\/tr><tr><td>4<\/td><td>Cultura, Comunicaci\u00f3n y Educaci\u00f3n<\/td><\/tr><tr><td>5<\/td><td>Psicolog\u00eda del Desarrollo y el Aprendizaje II<\/td><\/tr><tr><td>6<\/td><td>Psicolog\u00eda Social e Institucional<\/td><\/tr><tr><td>7<\/td><td>Did\u00e1ctica de Pr\u00e1cticas del Lenguaje y la Literatura I<\/td><\/tr><tr><td>8<\/td><td>Did\u00e1ctica de las Ciencias Sociales I<\/td><\/tr><tr><td>9<\/td><td>Did\u00e1ctica de las Ciencias Naturales I<\/td><\/tr><tr><td>10<\/td><td>Did\u00e1ctica de la Matem\u00e1tica I<\/td><\/tr><tr><td>11<\/td><td>TFO<\/td><\/tr><tr><td>12<\/td><td>Campo de la Pr\u00e1ctica Docente II<\/td><\/tr><tr><td><\/td><td>                                                                                                         <strong>Tercer a\u00f1o<\/strong><\/td><\/tr><tr><td>1<\/td><td>Educaci\u00f3n F\u00edsica Escolar<\/td><\/tr><tr><td>2<\/td><td>Configuraciones Culturales del sujeto Educativo de primaria<\/td><\/tr><tr><td>3<\/td><td>Medios Audiovisuales, Tic\u00b4s y Educaci\u00f3n<\/td><\/tr><tr><td>4<\/td><td>Historia y Prospectiva de la Educaci\u00f3n<\/td><\/tr><tr><td>5<\/td><td>Pol\u00edtica, Legislaci\u00f3n y Admistraci\u00f3n del Trabajo Escolar<\/td><\/tr><tr><td>6<\/td><td>Did\u00e1ctica de Pr\u00e1cticas del Lenguaje y Literatura II<\/td><\/tr><tr><td>7<\/td><td>Did\u00e1ctica de las Ciencias Sociales II<\/td><\/tr><tr><td>8<\/td><td>Did\u00e1ctica de las Ciencias Naturales II<\/td><\/tr><tr><td>9<\/td><td>Did\u00e1ctica de la Matem\u00e1tica I y II<\/td><\/tr><tr><td>10<\/td><td>T.F.O \u201cMedios Escolares\u201d<\/td><\/tr><tr><td>11<\/td><td>Campo de la Pr\u00e1ctica Docente III<\/td><\/tr><tr><td><\/td><td>                                                                                                       <strong>Cuarto a\u00f1o<\/strong><\/td><\/tr><tr><td>1<\/td><td>Dimensi\u00f3n \u00c9tico-Pol\u00edtica de la Praxis Docente<\/td><\/tr><tr><td>2<\/td><td>Reflexi\u00f3n Filos\u00f3fica de la Educaci\u00f3n<\/td><\/tr><tr><td>3<\/td><td>Pedagog\u00eda Critica de las diferencias<\/td><\/tr><tr><td>4<\/td><td>Ateneo de Pr\u00e1cticas del Lenguaje y la Literatura<\/td><\/tr><tr><td>5<\/td><td>Ateneo de Ciencias Sociales<\/td><\/tr><tr><td>6<\/td><td>Ateneo de Ciencias Naturales<\/td><\/tr><tr><td>7<\/td><td>Ateneo de Matem\u00e1tica<\/td><\/tr><tr><td>8<\/td><td>Campo de la Pr\u00e1ctica Docente IV<\/td><\/tr><\/tbody><\/table><\/figure>\n\n\n\n<h3 class=\"wp-block-heading\"><a href=\"https:\/\/isfdyt218-bue.infd.edu.ar\/sitio\/wp-content\/uploads\/2025\/10\/PRIMARIA-CORRELATIVIDADES-NUEVAS.pdf\">R\u00e9gimen de correlatividades<\/a><\/h3>\n\n\n\n<h3 class=\"wp-block-heading\"><a href=\"https:\/\/isfdyt218-bue.infd.edu.ar\/sitio\/wp-content\/uploads\/2019\/12\/07-00_Curriculo_Profesorado_Primaria.pdf\">Enlace al dise\u00f1o Curricular<\/a><\/h3>\n","protected":false},"excerpt":{"rendered":"<p>En diciembre de 2025, se abre la inscripci\u00f3n para el tercer a\u00f1o Duraci\u00f3n:&nbsp;4 a\u00f1os Carrera de Ciclo Cerrado Modalidad: presencial, con un % semipresencial y libre Se cursa de lunes a viernes, en turno vespertino de 17.50 hs. a 22:00 hs. Inicio: 2024 \/ Finaliza: 2027 Requisitos de Ingreso: haber aprobado el nivel secundario en &#8230; <a title=\"Profesorado de Educaci\u00f3n Primaria Res. N\u00b0 4154\/07\" class=\"read-more\" href=\"https:\/\/isfdyt218-bue.infd.edu.ar\/sitio\/profesorado-de-educacion-primaria-2\/\" aria-label=\"More on Profesorado de Educaci\u00f3n Primaria Res. N\u00b0 4154\/07\">[+]<\/a><\/p>\n","protected":false},"author":11,"featured_media":0,"parent":0,"menu_order":0,"comment_status":"closed","ping_status":"closed","template":"","meta":[],"acf":[],"_links":{"self":[{"href":"https:\/\/isfdyt218-bue.infd.edu.ar\/sitio\/wp-json\/wp\/v2\/pages\/1362"}],"collection":[{"href":"https:\/\/isfdyt218-bue.infd.edu.ar\/sitio\/wp-json\/wp\/v2\/pages"}],"about":[{"href":"https:\/\/isfdyt218-bue.infd.edu.ar\/sitio\/wp-json\/wp\/v2\/types\/page"}],"author":[{"embeddable":true,"href":"https:\/\/isfdyt218-bue.infd.edu.ar\/sitio\/wp-json\/wp\/v2\/users\/11"}],"replies":[{"embeddable":true,"href":"https:\/\/isfdyt218-bue.infd.edu.ar\/sitio\/wp-json\/wp\/v2\/comments?post=1362"}],"version-history":[{"count":9,"href":"https:\/\/isfdyt218-bue.infd.edu.ar\/sitio\/wp-json\/wp\/v2\/pages\/1362\/revisions"}],"predecessor-version":[{"id":1535,"href":"https:\/\/isfdyt218-bue.infd.edu.ar\/sitio\/wp-json\/wp\/v2\/pages\/1362\/revisions\/1535"}],"wp:attachment":[{"href":"https:\/\/isfdyt218-bue.infd.edu.ar\/sitio\/wp-json\/wp\/v2\/media?parent=1362"}],"curies":[{"name":"wp","href":"https:\/\/api.w.org\/{rel}","templated":true}]}}