{"id":1096,"date":"2019-11-29T19:24:16","date_gmt":"2019-11-29T22:24:16","guid":{"rendered":"https:\/\/isfdyt218-bue.infd.edu.ar\/sitio\/?page_id=1096"},"modified":"2025-05-30T20:41:24","modified_gmt":"2025-05-30T23:41:24","slug":"carreras-2020","status":"publish","type":"page","link":"https:\/\/isfdyt218-bue.infd.edu.ar\/sitio\/carreras-2020\/","title":{"rendered":"Carreras 2025"},"content":{"rendered":"<p><span style=\"color: #339966;\"><strong>OFERTA EDUCATIVA<\/strong><\/span><\/p>\n<p><strong>Documentaci\u00f3n a presentar y fechas de inscripci\u00f3n 2025.<\/strong><\/p>\n<p><img decoding=\"async\" loading=\"lazy\" class=\"aligncenter\" src=\"https:\/\/encrypted-tbn0.gstatic.com\/images?q=tbn:ANd9GcRRD6BiS4jXaoKnzksPmd_ciTFs4iLrrtdKVA&amp;usqp=CAU\" alt=\"Planes de Clase - Conociendo el universo literario\" width=\"479\" height=\"319\" \/><\/p>\n<p style=\"text-align: center;\"><strong>INSCRIPCI\u00d3N: Primer a\u00f1o. Tecnicatura Superior en Enfermer\u00eda. Res. 854\/16<\/strong><\/p>\n<p><strong>Duraci\u00f3n: 3 a\u00f1os<\/strong><\/p>\n<p><strong>Carrera de Ciclo Cerrado<\/strong><\/p>\n<p><strong>Modalidad: Presencial<\/strong><\/p>\n<p>De lunes a viernes de 17:50 hs. a 22: 10 hs.<\/p>\n<p><strong>Inicio: 2025 \/ Finaliza: 2027<\/strong><\/p>\n<p>Posible inicio de cursada: 17\/03\/2025. Informaci\u00f3n en <img decoding=\"async\" loading=\"lazy\" class=\"alignnone  wp-image-1191\" src=\"https:\/\/isfdyt218-bue.infd.edu.ar\/sitio\/wp-content\/uploads\/2023\/05\/WSP.png\" alt=\"\" width=\"32\" height=\"32\" \/> 54 2227 525315 de 18:00 hs. a 21:00 hs<\/p>\n<p>Informaci\u00f3n detallada sobre la carrera en el <a href=\"https:\/\/isfdyt218-bue.infd.edu.ar\/sitio\/wp-content\/uploads\/sitio\/05-00_Curriculo_Tec_Sup_Enfermeria-curricula-FINAL.pdf\">siguiente enlace<\/a><\/p>\n<p>\u00a0<\/p>\n<p><strong>CARRERAS QUE CONTIN\u00daAN<\/strong><\/p>\n<p>Tercer a\u00f1o (ante\u00faltimo de la carrera). Profesorado de Educaci\u00f3n Secundaria en Lengua y Literatura. Res. 1862\/17<\/p>\n<p>Cuarto a\u00f1o (\u00faltimo de la carrera). Profesorado de Educaci\u00f3n Inicial. Res. 4154\/07<\/p>\n<p>Segundo a\u00f1o (antepen\u00faltimo de la carrera). Profesorado de Educaci\u00f3n Primaria. Res. 4154\/07<\/p>\n<p>Segundo a\u00f1o (ante\u00faltimo de la carrera).\u00a0Tecnicatura Superior en PyMES. Res. 458\/23<\/p>\n<p>\u00a0<\/p>\n<h5>La matriculaci\u00f3n<\/h5>\n<h6>Se realiza presentando:<\/h6>\n<ol>\n<li>Ficha de inscripci\u00f3n <a href=\"https:\/\/isfdyt218-bue.infd.edu.ar\/sitio\/wp-content\/uploads\/2025\/02\/2025-Planilla-de-inscripcion.pdf\">1<\/a> y <a href=\"https:\/\/isfdyt218-bue.infd.edu.ar\/sitio\/wp-content\/uploads\/2025\/02\/2025-Planilla_Inscripcion_UC.pdf\">2<\/a> a presentar<\/li>\n<li>Fotocopia de<strong> D.N.I.<\/strong>.<\/li>\n<li>T\u00edtulo Secundario original y fotocopia o constancia de t\u00edtulo en tr\u00e1mite (original) o constancia de finalizaci\u00f3n de cursada (original).<\/li>\n<li>2 (Dos) Foto Carnet<\/li>\n<li>Certificado de salud (<a href=\"https:\/\/isfdyt218-bue.infd.edu.ar\/sitio\/wp-content\/uploads\/2025\/02\/Ficha_Salud_Alumnos.pdf\">imprimir<\/a> y completar por un m\u00e9dico)<\/li>\n<li>Fotocopia de partida de nacimiento<\/li>\n<\/ol>\n<p><strong>\u2013<\/strong>La documentaci\u00f3n debe ser entregada en folio oficio.<u><br \/><\/u>A partir del 18 de febrero 2025, de lunes a viernes de 18:30 a 21:00<\/p>\n<p><strong>\u2013<\/strong>A partir del 18 de febrero 2025 todo estudiante debe confirmar su INSCRIPCI\u00d3N A LA CARRERA de TECNICATURA SUPERIOR EN ENFERMER\u00cdA de manera presencial en el Instituto.<\/p>\n<p>En el momento de entrega de la documentaci\u00f3n, se aceptar\u00e1 el pago anual de la Asociaci\u00f3n Cooperadora, la cuota anual es de $20.000 de colaboraci\u00f3n.<\/p>\n<p>Se puede realizar una transferencia a:\u00a0 la cuenta de la ASOC COOP INST SUP NRO 218<br \/>Solicitar Alias al delegado\/a del curso<br \/>O realizar el abono en el instituto.<\/p>\n<p>En caso de transferencia, por favor enviar imagen del comprobante al correo electr\u00f3nico de la Asoc. Cooperadora: cooperadorainstituto218@gmail.com \u00a0y mostrar el mismo junto con la documentaci\u00f3n de inscripci\u00f3n<\/p>\n<p>\u00a0<\/p>\n\n\n<p><\/p>\n","protected":false},"excerpt":{"rendered":"<p>OFERTA EDUCATIVA Documentaci\u00f3n a presentar y fechas de inscripci\u00f3n 2025. INSCRIPCI\u00d3N: Primer a\u00f1o. Tecnicatura Superior en Enfermer\u00eda. Res. 854\/16 Duraci\u00f3n: 3 a\u00f1os Carrera de Ciclo Cerrado Modalidad: Presencial De lunes a viernes de 17:50 hs. a 22: 10 hs. Inicio: 2025 \/ Finaliza: 2027 Posible inicio de cursada: 17\/03\/2025. Informaci\u00f3n en 54 2227 525315 de &#8230; <a title=\"Carreras 2025\" class=\"read-more\" href=\"https:\/\/isfdyt218-bue.infd.edu.ar\/sitio\/carreras-2020\/\" aria-label=\"More on Carreras 2025\">[+]<\/a><\/p>\n","protected":false},"author":11,"featured_media":0,"parent":0,"menu_order":0,"comment_status":"closed","ping_status":"closed","template":"","meta":[],"acf":[],"_links":{"self":[{"href":"https:\/\/isfdyt218-bue.infd.edu.ar\/sitio\/wp-json\/wp\/v2\/pages\/1096"}],"collection":[{"href":"https:\/\/isfdyt218-bue.infd.edu.ar\/sitio\/wp-json\/wp\/v2\/pages"}],"about":[{"href":"https:\/\/isfdyt218-bue.infd.edu.ar\/sitio\/wp-json\/wp\/v2\/types\/page"}],"author":[{"embeddable":true,"href":"https:\/\/isfdyt218-bue.infd.edu.ar\/sitio\/wp-json\/wp\/v2\/users\/11"}],"replies":[{"embeddable":true,"href":"https:\/\/isfdyt218-bue.infd.edu.ar\/sitio\/wp-json\/wp\/v2\/comments?post=1096"}],"version-history":[{"count":27,"href":"https:\/\/isfdyt218-bue.infd.edu.ar\/sitio\/wp-json\/wp\/v2\/pages\/1096\/revisions"}],"predecessor-version":[{"id":1449,"href":"https:\/\/isfdyt218-bue.infd.edu.ar\/sitio\/wp-json\/wp\/v2\/pages\/1096\/revisions\/1449"}],"wp:attachment":[{"href":"https:\/\/isfdyt218-bue.infd.edu.ar\/sitio\/wp-json\/wp\/v2\/media?parent=1096"}],"curies":[{"name":"wp","href":"https:\/\/api.w.org\/{rel}","templated":true}]}}